{"id":1587,"date":"2020-12-14T00:49:51","date_gmt":"2020-12-14T00:49:51","guid":{"rendered":"https:\/\/tienda.casabrigitte.com\/?page_id=1587"},"modified":"2020-12-14T00:51:44","modified_gmt":"2020-12-14T00:51:44","slug":"proteccion-de-datos","status":"publish","type":"page","link":"https:\/\/www.casabrigitte.com\/index.php\/proteccion-de-datos\/","title":{"rendered":"PROTECCION DE DATOS"},"content":{"rendered":"\t\t<div data-elementor-type=\"wp-page\" data-elementor-id=\"1587\" class=\"elementor elementor-1587\" data-elementor-post-type=\"page\">\n\t\t\t\t\t\t<section class=\"elementor-section elementor-top-section elementor-element elementor-element-52e63d5c elementor-section-boxed elementor-section-height-default elementor-section-height-default\" data-id=\"52e63d5c\" data-element_type=\"section\" data-e-type=\"section\" data-settings=\"{&quot;jet_parallax_layout_list&quot;:[]}\">\n\t\t\t\t\t\t<div class=\"elementor-container elementor-column-gap-default\">\n\t\t\t\t\t<div class=\"elementor-column elementor-col-100 elementor-top-column elementor-element elementor-element-32786196\" data-id=\"32786196\" data-element_type=\"column\" data-e-type=\"column\">\n\t\t\t<div class=\"elementor-widget-wrap elementor-element-populated\">\n\t\t\t\t\t\t<div class=\"elementor-element elementor-element-2016fd97 elementor-widget elementor-widget-text-editor\" data-id=\"2016fd97\" data-element_type=\"widget\" data-e-type=\"widget\" data-widget_type=\"text-editor.default\">\n\t\t\t\t<div class=\"elementor-widget-container\">\n\t\t\t\t\t\t\t\t\t<p>Agradecemos su inter\u00e9s por nuestro sitio web. La protecci\u00f3n de su privacidad es muy importante para nosotros. A continuaci\u00f3n le informamos de manera detallada sobre c\u00f3mo tratar sus datos.<\/p><div class=\"row_10\"><div>\u00a0<\/div><div class=\"\"><a name=\"883606a31c0be5713\"><\/a><h4><span class=\"first-word\">CAPTACI\u00d3N,<\/span>\u00a0PROCESAMIENTO Y UTILIZACI\u00d3N DE DATOS PE<\/h4><\/div><\/div><p>Puede visitar nuestro sitio sin revelar ninguna informaci\u00f3n sobre usted. S\u00f3lo guardamos los datos de acceso sin referencia a los individuos como por ejemplo el nombre de su proveedor de servicios Internet, la p\u00e1gina desde la que nos visita, o el nombre del archivo solicitado. Estos datos se eval\u00faan \u00fanicamente para mejorar nuestra oferta y no permiten ninguna conclusi\u00f3n acerca de su persona.<br \/><br \/>S\u00f3lo captamos los datos personales si nos comunica \u00e9stos de manera voluntaria en el marco de su pedido de mercanc\u00eda o al abrir una cuenta de cliente o suscribirse al bolet\u00edn. Utilizamos los datos para poder automatizar el proceso de la compra incorporando los datos en la factura y cobrando el correspondiente cargo por la misma. Una vez que se haya completado la compra y se haya efectuado el pago, sus datos ser\u00e1n bloqueados para un uso futuro y eliminados despu\u00e9s de la expiraci\u00f3n de los reglamentos impositivos y comerciales, si no ha autorizado de manera expresa la utilizaci\u00f3n de los mismos. Al suscribirse al bolet\u00edn, su nombre y direcci\u00f3n de correo electr\u00f3nico se utilizar\u00e1 si est\u00e1 de acuerdo para sus propios fines publicitarios hasta que cancele la suscripci\u00f3n del bolet\u00edn. Puede cancelar la suscripci\u00f3n en cualquier momento.<\/p><div class=\"row_10\"><div>\u00a0<\/div><div class=\"\"><a name=\"883606a31c0be5714\"><\/a><h4><span class=\"first-word\">COOKIES<\/span><\/h4><\/div><\/div><p>Para usar correctamente la cesta de la compra, su navegador debe aceptar cookies. La cesta de la compra usa cookies para identificar los productos que ha a\u00f1adido. Esta cookie es un peque\u00f1o paquete de informaci\u00f3n que guarda el navegador y que le permite mantener su identificaci\u00f3n cuando pasa de una p\u00e1gina a otra, sin perder los productos de su cesta de la compra. Debido a los datos incluidos en una cookie no es necesario que rellene formularios. Se define al entrar en nuestra web y caduca autom\u00e1ticamente seis meses despu\u00e9s. Adicionalmente, puede administrar en su programa de navegaci\u00f3n el nivel de aceptaci\u00f3n de cookies de esta p\u00e1gina y bloquearlas si lo considera conveniente.<\/p><div class=\"row_10\"><div>\u00a0<\/div><div class=\"\"><a name=\"883606a31c0be5715\"><\/a><h4><span class=\"first-word\">SUMINISTRAR<\/span>\u00a0DATOS PERSONALES<\/h4><\/div><\/div><p>S\u00f3lo algunos datos ser\u00e1n compartidos con algunos de nuestros asociados, como por ejemplo la empresa encargada del transporte de la mercanc\u00eda. Para procesar sus \u00f3rdenes de pago, necesitaremos facilitar sus datos de pago a nuestro banco.<\/p><div class=\"row_10\"><div>\u00a0<\/div><div class=\"\"><a name=\"883606a31c0be5716\"><\/a><h4><span class=\"first-word\">DERECHO<\/span>\u00a0DE INFORMACI\u00d3N<\/h4><\/div><\/div><p>Tiene el derecho de obtener informaci\u00f3n gratuita acerca de sus datos almacenados as\u00ed como el derecho a corregir, bloquear o eliminar estos datos.<\/p><div class=\"row_10\"><div>\u00a0<\/div><div class=\"\"><a name=\"883606a31c0be5717\"><\/a><h4><span class=\"first-word\">ASOCIADO<\/span>\u00a0PARA LA PROTECCI\u00d3N DE DATOS<\/h4><\/div><\/div><p>En el caso de preguntas sobre la captaci\u00f3n, procesamiento y utilizaci\u00f3n de sus datos personales, en el caso de informaci\u00f3n, correcci\u00f3n, bloqueo o eliminaci\u00f3n de datos, as\u00ed como la revocaci\u00f3n del consentimiento dado, por favor contacte a: Constant Gillet,\u00a0<a href=\"mailto:info@casabrigitte.com\" target=\"_blank\" rel=\"noopener\">info@casabrigitte.com<\/a><\/p><div class=\"row_10\"><div>\u00a0<\/div><div class=\"\"><a name=\"883606a31c0be5718\"><\/a><h4><span class=\"first-word\">REVOCACI\u00d3N<\/span>\u00a0DEL CONSENTIMIENTO<\/h4><\/div><\/div><p>Durante el proceso de pedido puede haber facilitado de manera expresa los consentimientos siguientes. Nos gustar\u00eda informarle de que puede revocar su consentimiento en cualquier momento.<br \/><br \/>\u00abDesear\u00eda recibir a partir de ahora informaci\u00f3n sobre productos por correo electr\u00f3nico\u00bb (cancelaci\u00f3n de este servicio disponible en cualquier momento).<\/p>\t\t\t\t\t\t\t\t<\/div>\n\t\t\t\t<\/div>\n\t\t\t\t\t<\/div>\n\t\t<\/div>\n\t\t\t\t\t<\/div>\n\t\t<\/section>\n\t\t\t\t<\/div>\n\t\t","protected":false},"excerpt":{"rendered":"<p>Agradecemos su inter\u00e9s por nuestro sitio web. La protecci\u00f3n de su privacidad es muy importante para nosotros. A continuaci\u00f3n le informamos de manera detallada sobre c\u00f3mo tratar sus datos. CAPTACI\u00d3N,\u00a0PROCESAMIENTO Y UTILIZACI\u00d3N DE DATOS PE Puede visitar nuestro sitio sin revelar ninguna informaci\u00f3n sobre usted. S\u00f3lo guardamos los datos de acceso sin referencia a los [&hellip;]<\/p>\n","protected":false},"author":1,"featured_media":0,"parent":0,"menu_order":0,"comment_status":"closed","ping_status":"closed","template":"","meta":{"site-sidebar-layout":"default","site-content-layout":"default","ast-site-content-layout":"default","site-content-style":"default","site-sidebar-style":"default","ast-global-header-display":"","ast-banner-title-visibility":"","ast-main-header-display":"","ast-hfb-above-header-display":"","ast-hfb-below-header-display":"","ast-hfb-mobile-header-display":"","site-post-title":"","ast-breadcrumbs-content":"","ast-featured-img":"","footer-sml-layout":"","ast-disable-related-posts":"","theme-transparent-header-meta":"default","adv-header-id-meta":"","stick-header-meta":"default","header-above-stick-meta":"","header-main-stick-meta":"","header-below-stick-meta":"","astra-migrate-meta-layouts":"default","ast-page-background-enabled":"default","ast-page-background-meta":{"desktop":{"background-color":"","background-image":"","background-repeat":"repeat","background-position":"center center","background-size":"auto","background-attachment":"scroll","background-type":"","background-media":"","overlay-type":"","overlay-color":"","overlay-opacity":"","overlay-gradient":""},"tablet":{"background-color":"","background-image":"","background-repeat":"repeat","background-position":"center center","background-size":"auto","background-attachment":"scroll","background-type":"","background-media":"","overlay-type":"","overlay-color":"","overlay-opacity":"","overlay-gradient":""},"mobile":{"background-color":"","background-image":"","background-repeat":"repeat","background-position":"center center","background-size":"auto","background-attachment":"scroll","background-type":"","background-media":"","overlay-type":"","overlay-color":"","overlay-opacity":"","overlay-gradient":""}},"ast-content-background-meta":{"desktop":{"background-color":"var(--ast-global-color-5)","background-image":"","background-repeat":"repeat","background-position":"center center","background-size":"auto","background-attachment":"scroll","background-type":"","background-media":"","overlay-type":"","overlay-color":"","overlay-opacity":"","overlay-gradient":""},"tablet":{"background-color":"var(--ast-global-color-5)","background-image":"","background-repeat":"repeat","background-position":"center center","background-size":"auto","background-attachment":"scroll","background-type":"","background-media":"","overlay-type":"","overlay-color":"","overlay-opacity":"","overlay-gradient":""},"mobile":{"background-color":"var(--ast-global-color-5)","background-image":"","background-repeat":"repeat","background-position":"center center","background-size":"auto","background-attachment":"scroll","background-type":"","background-media":"","overlay-type":"","overlay-color":"","overlay-opacity":"","overlay-gradient":""}},"footnotes":""},"class_list":["post-1587","page","type-page","status-publish","hentry"],"_links":{"self":[{"href":"https:\/\/www.casabrigitte.com\/index.php\/wp-json\/wp\/v2\/pages\/1587","targetHints":{"allow":["GET"]}}],"collection":[{"href":"https:\/\/www.casabrigitte.com\/index.php\/wp-json\/wp\/v2\/pages"}],"about":[{"href":"https:\/\/www.casabrigitte.com\/index.php\/wp-json\/wp\/v2\/types\/page"}],"author":[{"embeddable":true,"href":"https:\/\/www.casabrigitte.com\/index.php\/wp-json\/wp\/v2\/users\/1"}],"replies":[{"embeddable":true,"href":"https:\/\/www.casabrigitte.com\/index.php\/wp-json\/wp\/v2\/comments?post=1587"}],"version-history":[{"count":5,"href":"https:\/\/www.casabrigitte.com\/index.php\/wp-json\/wp\/v2\/pages\/1587\/revisions"}],"predecessor-version":[{"id":1592,"href":"https:\/\/www.casabrigitte.com\/index.php\/wp-json\/wp\/v2\/pages\/1587\/revisions\/1592"}],"wp:attachment":[{"href":"https:\/\/www.casabrigitte.com\/index.php\/wp-json\/wp\/v2\/media?parent=1587"}],"curies":[{"name":"wp","href":"https:\/\/api.w.org\/{rel}","templated":true}]}}