{"id":3,"date":"2020-04-27T18:24:34","date_gmt":"2020-04-27T18:24:34","guid":{"rendered":"https:\/\/www2.casabrigitte.com\/?page_id=3"},"modified":"2020-12-14T00:42:23","modified_gmt":"2020-12-14T00:42:23","slug":"condiciones-generales","status":"publish","type":"page","link":"https:\/\/www.casabrigitte.com\/index.php\/condiciones-generales\/","title":{"rendered":"CONDICIONES\u00a0GENERALES"},"content":{"rendered":"\t\t<div data-elementor-type=\"wp-page\" data-elementor-id=\"3\" class=\"elementor elementor-3\" data-elementor-post-type=\"page\">\n\t\t\t\t\t\t<section class=\"elementor-section elementor-top-section elementor-element elementor-element-52e63d5c elementor-section-boxed elementor-section-height-default elementor-section-height-default\" data-id=\"52e63d5c\" data-element_type=\"section\" data-e-type=\"section\" data-settings=\"{&quot;jet_parallax_layout_list&quot;:[]}\">\n\t\t\t\t\t\t<div class=\"elementor-container elementor-column-gap-default\">\n\t\t\t\t\t<div class=\"elementor-column elementor-col-100 elementor-top-column elementor-element elementor-element-32786196\" data-id=\"32786196\" data-element_type=\"column\" data-e-type=\"column\">\n\t\t\t<div class=\"elementor-widget-wrap elementor-element-populated\">\n\t\t\t\t\t\t<div class=\"elementor-element elementor-element-2016fd97 elementor-widget elementor-widget-text-editor\" data-id=\"2016fd97\" data-element_type=\"widget\" data-e-type=\"widget\" data-widget_type=\"text-editor.default\">\n\t\t\t\t<div class=\"elementor-widget-container\">\n\t\t\t\t\t\t\t\t\t<div class=\"row_Header row_10\"><h5><span style=\"font-size: 1.5em;\">Indice<\/span><\/h5><\/div><div class=\"container\"><div class=\"row\"><div id=\"para-text\" class=\"col-xs-12 col-md-12\"><p><a class=\"link\" href=\"http:\/\/www.casabrigitte.com\/agb.html#883606a31c0be5605\">1. \u00c1rea de \u00e1mbito<\/a><br \/><a class=\"link\" href=\"http:\/\/www.casabrigitte.com\/agb.html#883606a31c0be5606\">2. Asociado<\/a><br \/><a class=\"link\" href=\"http:\/\/www.casabrigitte.com\/agb.html#883606a31c0be5607\">3. Oferta y formalizaci\u00f3n del contrato<\/a><br \/><a class=\"link\" href=\"http:\/\/www.casabrigitte.com\/agb.html#883606a31c0be5608\">4. Texto del contrato<\/a><br \/><a class=\"link\" href=\"http:\/\/www.casabrigitte.com\/agb.html#883606a31c0be5609\">5. Derecho de rescisi\u00f3n<\/a><br \/><a class=\"link\" href=\"http:\/\/www.casabrigitte.com\/agb.html#883606a31c0be560a\">6. Precios y costes de env\u00edo<\/a><br \/><a class=\"link\" href=\"http:\/\/www.casabrigitte.com\/agb.html#883606a31c0be560b\">7. Entrega<\/a><br \/><a class=\"link\" href=\"http:\/\/www.casabrigitte.com\/agb.html#883606a31c0be560c\">8. Pago<\/a><br \/><a class=\"link\" href=\"http:\/\/www.casabrigitte.com\/agb.html#883606a31c0be560d\">9. Reserva de propiedad<\/a><br \/><a class=\"link\" href=\"http:\/\/www.casabrigitte.com\/agb.html#883606a31c0be560e\">10. Garant\u00eda de servicios<\/a><\/p><div class=\"row_10\"><div>\u00a0<\/div><div class=\"\"><p><a name=\"883606a31c0be5605\"><\/a><\/p><h3><span class=\"first-word\">1.<\/span>\u00a0\u00c1REA DE \u00c1MBITO<\/h3><\/div><\/div><p>Para todos los env\u00edos de Casa Brigitte a un cliente (secci\u00f3n \u00a7 13 del C\u00f3digo Civil) se aplican las siguientes condiciones y t\u00e9rminos generales.<\/p><div class=\"row_10\"><div>\u00a0<\/div><div class=\"\"><p><a name=\"883606a31c0be5606\"><\/a><\/p><h3><span class=\"first-word\">2.<\/span>\u00a0ASOCIADO<\/h3><\/div><\/div><p>El contrato de compra incluye:<\/p><p><b>Casa Brigitte S.L.<br \/><\/b>Pol. Ind. de Murgu\u00eda<br \/>Calle Domingo de Sautu 110<br \/>01130 Murgu\u00eda, Alava (Spain)<\/p><p>Tel.: 945 462 657<br \/>E-Mail.: info@casabrigitte.com<\/p><p>Inscrita en el reg. Mercantil de Alava, tomo 388, libro 47, folio 39, secci\u00f3n 8\u00ba, hoja VI\/745.<br \/>CIF: B-01440908<\/p><p>Gerencia: Constant Gillet<\/p><p>Nuestro servicio de atenci\u00f3n al cliente est\u00e1 a su disposici\u00f3n para responder a sus preguntas, reclamaciones y sugerencias todos los d\u00edas laborables entre las 9:00h y las 18:00h, en el n\u00famero de tel\u00e9fono 945 462 657 y tambi\u00e9n en la direccci\u00f3n de e-mail<a href=\"mailto:info@casabrigitte.com\" target=\"_blank\" rel=\"noopener\">info@casabrigitte.com<\/a>.<\/p><div class=\"row_10\"><div>\u00a0<\/div><div class=\"\"><p><a name=\"883606a31c0be5607\"><\/a><\/p><h3><span class=\"first-word\">3.<\/span>\u00a0OFERTA Y FORMALIZACI\u00d3N DEL CONTRATO<\/h3><\/div><\/div><p>3.1 La presentaci\u00f3n de los productos en el shop online no constituye una oferta con efectos jur\u00eddicos, sino una mera invitaci\u00f3n a efectuar pedidos. Todas las ofertas se entienden \u00abhasta fin de existencias\u00bb, siempre y cuando no se indique otra cosa para el producto en cuesti\u00f3n, sin perjuicio de que se puedan producir equivocaciones.<\/p><p>3.2 Al hacer clic en el comando \u00abFinalizar pedido\u00bb en el \u00faltimo paso del proceso de pedido, se genera un pedido con efectos jur\u00eddicos de las mercanc\u00edas contenidas en la cesta de compra. El contrato de compraventa se formalizar\u00e1 en el momento en que nosotros aceptemos su pedido por medio de una confirmaci\u00f3n del mismo que le haremos llegar por e-mail inmediatamente despu\u00e9s de recibir su pedido.<\/p><div class=\"row_10\"><div>\u00a0<\/div><div class=\"\"><p><a name=\"883606a31c0be5608\"><\/a><\/p><h3><span class=\"first-word\">4.<\/span>\u00a0TEXTO DEL CONTRATO<\/h3><\/div><\/div><p>El texto del contrato queda guardado en nuestro sistema interno. Usted podr\u00e1 consultar las Condiciones Generales de Contrato en todo momento en esta p\u00e1gina. Le enviamos los datos del pedido y las condiciones generales de contrataci\u00f3n por correo electr\u00f3nico. Despu\u00e9s de finalizar el pedido, el texto del contrato ya no estar\u00e1 disponible por razones de seguridad.<\/p><div class=\"row_10\"><div>\u00a0<\/div><div class=\"\"><p><a name=\"883606a31c0be5609\"><\/a><\/p><h3><span class=\"first-word\">5.<\/span>\u00a0DERECHO DE RESCISI\u00d3N<\/h3><\/div><\/div><p>A los consumidores les asiste, por ley (\u00a7 13 BGB), un derecho de rescisi\u00f3n.<\/p><p><b>Informaci\u00f3n sobre la rescisi\u00f3n<\/b><br \/>Usted podr\u00e1 rescindir su contrato por escrito (p.ej. por carta, fax, e-mail), sin necesidad de motivaci\u00f3n alguna, o mediante la devoluci\u00f3n de la mercanc\u00eda. El plazo de revocaci\u00f3n empieza al recibo de esta instrucci\u00f3n de forma escrita, pero no antes de la recepci\u00f3n de las mercanc\u00edas por el destinatario (en caso de la entrega recurrente de bienes similares no antes de la recepci\u00f3n de la primera entrega parcial) y tambi\u00e9n no antes de cumplir nuestras obligaciones de informaci\u00f3n seg\u00fan \u00a7 312c secci\u00f3n 2 C\u00f3digo Civil en relaci\u00f3n con \u00a7 1 secci\u00f3n 1, 2 y 4 C\u00f3digo Civil-InfoV as\u00ed como nuestras obligaciones seg\u00fan \u00a7 312e secci\u00f3n 1 frase 1 C\u00f3digo Civil en relaci\u00f3n con \u00a7 3 C\u00f3digo Civil-InfoV. Para cumplir con el plazo establecido es suficiente con enviar dentro del mismo el escrito de rescisi\u00f3n o, en su caso, la mercanc\u00eda. El escrito de rescisi\u00f3n debe ir dirigido a:<\/p><p><b>Casa Brigitte S.L.<\/b><br \/>Pol. Ind. de Murgu\u00eda 110.<br \/>01130 Murgu\u00eda<\/p><p>E-Mail:\u00a0<a href=\"mailto:info@casabrigitte.com\" target=\"_blank\" rel=\"noopener\">info@casabrigitte.com<\/a><br \/>Fax: 945 462 665<\/p><p><b>Consecuencias de la rescisi\u00f3n<\/b><br \/>Cuando tenga lugar una rescisi\u00f3n v\u00e1lida, ambas partes deber\u00e1n devolver las prestaciones recibidas, as\u00ed como entregar, en su caso, los rendimientos derivados de las mismas (p.ej.intereses). Si no le es posible devolvernos en su totalidad o en parte la prestaci\u00f3n recibida, o s\u00f3lo le es posible hacerlo en un estado peor que el original, estar\u00e1 obligado a compensar la p\u00e9rdida de valor correspondiente. Esto no ser\u00e1 de aplicaci\u00f3n en el caso de la entrega de mercanc\u00edas cuando el empeoramiento de su estado haya surgido durante el examen de la mercanc\u00eda &#8211; al que usted haya procedido, por ejemplo, en la tienda. Tambi\u00e9n quedar\u00e1 exento de la obligaci\u00f3n de indemnizarnos si no llega a disponer de la mercanc\u00eda como si fuese de su propiedad e interrumpe toda acci\u00f3n que pueda da\u00f1arla. Las mercanc\u00edas que puedan ser empaquetadas deben devolverse empaquetadas. Las dem\u00e1s mercanc\u00edas las recogeremos nosotros en la direcci\u00f3n que usted nos indique. Usted correr\u00e1 con los gastos de la devoluci\u00f3n si la mercanc\u00eda entregada se corresponde con la pedida por usted y si su precio no supera los 40 euros, o si, en el supuesto de que el precio de la mercanc\u00eda fuese superior, usted no hubiera realizado la contraprestaci\u00f3n o un pago parcial acordado por v\u00eda contractual en el momento de la rescisi\u00f3n. En todos los dem\u00e1s casos, la devoluci\u00f3n no implicar\u00e1 coste alguno para usted. El plazo para cumplir con las obligaciones de pago es de 30 d\u00edas a contar desde el momento en que usted nos env\u00ede su escrito de rescisi\u00f3n. El plazo empieza para usted con el env\u00edo de su revocaci\u00f3n o de la mercanc\u00eda encargada, para nosotros con la recepci\u00f3n de \u00e9sta.<\/p><p><b>Fin de la informaci\u00f3n sobre la rescisi\u00f3n<\/b><\/p><div class=\"row_10\"><div>\u00a0<\/div><div class=\"\"><p><a name=\"883606a31c0be560a\"><\/a><\/p><h3><span class=\"first-word\">6.<\/span>\u00a0PRECIOS Y COSTES DE ENV\u00cdO<\/h3><\/div><\/div><p>6.1 Los precios mencionados en las p\u00e1ginas de los productos incluyen el IVA y los restantes elementos integrantes del precio.<\/p><p>6.2 Los costes de env\u00edo dependen de la cantidad de mercanc\u00edas pedidas as\u00ed como del tipo de env\u00edo, y nosotros le informaremos de ellos con total claridad antes de que usted proceda a enviarnos su pedido. En la p\u00e1gina de env\u00edo encontrar\u00e1 toda la informaci\u00f3n necesaria a este respecto.<\/p><div class=\"row_10\"><div>\u00a0<\/div><div class=\"\"><p><a name=\"883606a31c0be560b\"><\/a><\/p><h3><span class=\"first-word\">7.<\/span>\u00a0ENTREGA<\/h3><\/div><\/div><p>7.1 La entrega s\u00f3lo es posible dentro del territorio peninsular de Espa\u00f1a y Baleares, quedando excluidas por razones logisticas que afectar\u00edan a la calidad del producto, el Archipielago Canario.<\/p><p>7.2 Por regla general, el plazo de entrega es de 3 d\u00edas laborables. En el caso de que dicho plazo de entrega sufriese alguna alteraci\u00f3n, nosotros informaremos puntualmente de dicha alteraci\u00f3n en la p\u00e1gina del producto correspondiente.<\/p><div class=\"row_10\"><div>\u00a0<\/div><div class=\"\"><p><a name=\"883606a31c0be560c\"><\/a><\/p><h3><span class=\"first-word\">8.<\/span>\u00a0PAGO<\/h3><\/div><\/div><p>8.1 Puede efectuar el pago, a su libre elecci\u00f3n, mediante factura, transferencia, cargo en cuenta, tarjeta de cr\u00e9dito o contra reembolso.<\/p><p>8.2 Si elige el pago mediante transferencia, nosotros le proporcionaremos nuestros datos bancarios en la confirmaci\u00f3n del pedido y le entregaremos la mercanc\u00eda una vez que hayamos recibido el pago.<\/p><p>8.3 S\u00f3lo le asistir\u00e1 un derecho de compensaci\u00f3n si as\u00ed le fuese reconocido por sentencia judicial o si nosotros prestamos nuestro consentimiento por escrito.<\/p><p>8.4 S\u00f3lo podr\u00e1 ejercitar su derecho de retenci\u00f3n dentro de una misma relaci\u00f3n contractual.<\/p><div class=\"row_10\"><div>\u00a0<\/div><div class=\"\"><p><a name=\"883606a31c0be560d\"><\/a><\/p><h3><span class=\"first-word\">9.<\/span>\u00a0RESERVA DE PROPIEDAD<\/h3><\/div><\/div><p>La mercanc\u00eda segurir\u00e1 siendo de nuestra propiedad hasta tanto no se complete el pago.<\/p><div class=\"row_10\"><div>\u00a0<\/div><div class=\"\"><p><a name=\"883606a31c0be560e\"><\/a><\/p><h3><span class=\"first-word\">10.<\/span>\u00a0GARANT\u00cdA DE SERVICIOS<\/h3><\/div><\/div><p>La garant\u00eda de servicios se rige con arreglo a la legislaci\u00f3n vigente.<\/p><\/div><\/div><\/div>\t\t\t\t\t\t\t\t<\/div>\n\t\t\t\t<\/div>\n\t\t\t\t\t<\/div>\n\t\t<\/div>\n\t\t\t\t\t<\/div>\n\t\t<\/section>\n\t\t\t\t<\/div>\n\t\t","protected":false},"excerpt":{"rendered":"<p>Indice 1. \u00c1rea de \u00e1mbito 2. Asociado 3. Oferta y formalizaci\u00f3n del contrato 4. Texto del contrato 5. Derecho de rescisi\u00f3n 6. Precios y costes de env\u00edo 7. Entrega 8. Pago 9. Reserva de propiedad 10. Garant\u00eda de servicios 1.\u00a0\u00c1REA DE \u00c1MBITO Para todos los env\u00edos de Casa Brigitte a un cliente (secci\u00f3n \u00a7 13 [&hellip;]<\/p>\n","protected":false},"author":1,"featured_media":0,"parent":0,"menu_order":0,"comment_status":"closed","ping_status":"closed","template":"","meta":{"site-sidebar-layout":"default","site-content-layout":"default","ast-site-content-layout":"default","site-content-style":"default","site-sidebar-style":"default","ast-global-header-display":"","ast-banner-title-visibility":"","ast-main-header-display":"","ast-hfb-above-header-display":"","ast-hfb-below-header-display":"","ast-hfb-mobile-header-display":"","site-post-title":"","ast-breadcrumbs-content":"","ast-featured-img":"","footer-sml-layout":"","ast-disable-related-posts":"","theme-transparent-header-meta":"default","adv-header-id-meta":"","stick-header-meta":"default","header-above-stick-meta":"","header-main-stick-meta":"","header-below-stick-meta":"","astra-migrate-meta-layouts":"default","ast-page-background-enabled":"default","ast-page-background-meta":{"desktop":{"background-color":"","background-image":"","background-repeat":"repeat","background-position":"center center","background-size":"auto","background-attachment":"scroll","background-type":"","background-media":"","overlay-type":"","overlay-color":"","overlay-opacity":"","overlay-gradient":""},"tablet":{"background-color":"","background-image":"","background-repeat":"repeat","background-position":"center center","background-size":"auto","background-attachment":"scroll","background-type":"","background-media":"","overlay-type":"","overlay-color":"","overlay-opacity":"","overlay-gradient":""},"mobile":{"background-color":"","background-image":"","background-repeat":"repeat","background-position":"center center","background-size":"auto","background-attachment":"scroll","background-type":"","background-media":"","overlay-type":"","overlay-color":"","overlay-opacity":"","overlay-gradient":""}},"ast-content-background-meta":{"desktop":{"background-color":"var(--ast-global-color-5)","background-image":"","background-repeat":"repeat","background-position":"center center","background-size":"auto","background-attachment":"scroll","background-type":"","background-media":"","overlay-type":"","overlay-color":"","overlay-opacity":"","overlay-gradient":""},"tablet":{"background-color":"var(--ast-global-color-5)","background-image":"","background-repeat":"repeat","background-position":"center center","background-size":"auto","background-attachment":"scroll","background-type":"","background-media":"","overlay-type":"","overlay-color":"","overlay-opacity":"","overlay-gradient":""},"mobile":{"background-color":"var(--ast-global-color-5)","background-image":"","background-repeat":"repeat","background-position":"center center","background-size":"auto","background-attachment":"scroll","background-type":"","background-media":"","overlay-type":"","overlay-color":"","overlay-opacity":"","overlay-gradient":""}},"footnotes":""},"class_list":["post-3","page","type-page","status-publish","hentry"],"_links":{"self":[{"href":"https:\/\/www.casabrigitte.com\/index.php\/wp-json\/wp\/v2\/pages\/3","targetHints":{"allow":["GET"]}}],"collection":[{"href":"https:\/\/www.casabrigitte.com\/index.php\/wp-json\/wp\/v2\/pages"}],"about":[{"href":"https:\/\/www.casabrigitte.com\/index.php\/wp-json\/wp\/v2\/types\/page"}],"author":[{"embeddable":true,"href":"https:\/\/www.casabrigitte.com\/index.php\/wp-json\/wp\/v2\/users\/1"}],"replies":[{"embeddable":true,"href":"https:\/\/www.casabrigitte.com\/index.php\/wp-json\/wp\/v2\/comments?post=3"}],"version-history":[{"count":13,"href":"https:\/\/www.casabrigitte.com\/index.php\/wp-json\/wp\/v2\/pages\/3\/revisions"}],"predecessor-version":[{"id":1576,"href":"https:\/\/www.casabrigitte.com\/index.php\/wp-json\/wp\/v2\/pages\/3\/revisions\/1576"}],"wp:attachment":[{"href":"https:\/\/www.casabrigitte.com\/index.php\/wp-json\/wp\/v2\/media?parent=3"}],"curies":[{"name":"wp","href":"https:\/\/api.w.org\/{rel}","templated":true}]}}