{"id":1074,"date":"2020-11-27T11:34:39","date_gmt":"2020-11-27T11:34:39","guid":{"rendered":"https:\/\/www2.casabrigitte.com\/?post_type=product&#038;p=1074"},"modified":"2025-03-26T12:24:04","modified_gmt":"2025-03-26T12:24:04","slug":"brandada-de-bacalao-500-gr","status":"publish","type":"product","link":"https:\/\/www.casabrigitte.com\/index.php\/product\/brandada-de-bacalao-500-gr\/","title":{"rendered":"BRANDADA DE BACALAO 500 GR"},"content":{"rendered":"<p>La\u00a0<b>brandada de bacalao <\/b>es una mezcla pasteurizada cuyos ingredientes principales son el bacalao desalado, ajo y\u00a0 aceite de oliva. Se suele gratinar sobre un pan Tostado.<\/p>\n<p>Se trata de un producto pesquero transformado procedente de\u00a0<b>bacalao (Gadus Morhua),<\/b>\u00a0cortado y clasificado y que ha sufrido un proceso de desalado hasta conseguir un porcentaje de salinidad inferior al 3%, envasado en atm\u00f3sfera modificada o al vac\u00edo con aceite y conservado en refrigeraci\u00f3n.<\/p>\n","protected":false},"excerpt":{"rendered":"<p>La\u00a0<b>brandada de bacalao <\/b>es una mezcla pasteurizada cuyos ingredientes principales son el bacalao desalado, ajo y\u00a0 aceite de oliva. Se suele gratinar sobre un pan Tostado.<\/p>\n<p>Se trata de un producto pesquero transformado procedente de\u00a0<b>bacalao (Gadus Morhua),<\/b>\u00a0cortado y clasificado y que ha sufrido un proceso de desalado hasta conseguir un porcentaje de salinidad inferior al 3%, envasado en atm\u00f3sfera modificada o al vac\u00edo con aceite y conservado en refrigeraci\u00f3n.<\/p>\n","protected":false},"featured_media":1296,"template":"","meta":{"site-sidebar-layout":"default","site-content-layout":"default","ast-site-content-layout":"default","site-content-style":"default","site-sidebar-style":"default","ast-global-header-display":"","ast-banner-title-visibility":"","ast-main-header-display":"","ast-hfb-above-header-display":"","ast-hfb-below-header-display":"","ast-hfb-mobile-header-display":"","site-post-title":"","ast-breadcrumbs-content":"","ast-featured-img":"","footer-sml-layout":"","ast-disable-related-posts":"","theme-transparent-header-meta":"default","adv-header-id-meta":"","stick-header-meta":"default","header-above-stick-meta":"","header-main-stick-meta":"","header-below-stick-meta":"","astra-migrate-meta-layouts":"set","ast-page-background-enabled":"default","ast-page-background-meta":{"desktop":{"background-color":"","background-image":"","background-repeat":"repeat","background-position":"center center","background-size":"auto","background-attachment":"scroll","background-type":"","background-media":"","overlay-type":"","overlay-color":"","overlay-opacity":"","overlay-gradient":""},"tablet":{"background-color":"","background-image":"","background-repeat":"repeat","background-position":"center center","background-size":"auto","background-attachment":"scroll","background-type":"","background-media":"","overlay-type":"","overlay-color":"","overlay-opacity":"","overlay-gradient":""},"mobile":{"background-color":"","background-image":"","background-repeat":"repeat","background-position":"center center","background-size":"auto","background-attachment":"scroll","background-type":"","background-media":"","overlay-type":"","overlay-color":"","overlay-opacity":"","overlay-gradient":""}},"ast-content-background-meta":{"desktop":{"background-color":"var(--ast-global-color-5)","background-image":"","background-repeat":"repeat","background-position":"center center","background-size":"auto","background-attachment":"scroll","background-type":"","background-media":"","overlay-type":"","overlay-color":"","overlay-opacity":"","overlay-gradient":""},"tablet":{"background-color":"var(--ast-global-color-5)","background-image":"","background-repeat":"repeat","background-position":"center center","background-size":"auto","background-attachment":"scroll","background-type":"","background-media":"","overlay-type":"","overlay-color":"","overlay-opacity":"","overlay-gradient":""},"mobile":{"background-color":"var(--ast-global-color-5)","background-image":"","background-repeat":"repeat","background-position":"center center","background-size":"auto","background-attachment":"scroll","background-type":"","background-media":"","overlay-type":"","overlay-color":"","overlay-opacity":"","overlay-gradient":""}}},"product_brand":[],"product_cat":[30],"product_tag":[],"class_list":{"0":"post-1074","1":"product","2":"type-product","3":"status-publish","4":"has-post-thumbnail","6":"product_cat-bacalao-desalado-de-islandia-y-faroe","7":"desktop-align-center","8":"tablet-align-center","9":"mobile-align-center","10":"ast-product-gallery-layout-vertical","11":"ast-product-single-variable","12":"ast-product-tabs-layout-horizontal","14":"first","15":"instock","16":"taxable","17":"shipping-taxable","18":"purchasable","19":"product-type-variable"},"_links":{"self":[{"href":"https:\/\/www.casabrigitte.com\/index.php\/wp-json\/wp\/v2\/product\/1074","targetHints":{"allow":["GET"]}}],"collection":[{"href":"https:\/\/www.casabrigitte.com\/index.php\/wp-json\/wp\/v2\/product"}],"about":[{"href":"https:\/\/www.casabrigitte.com\/index.php\/wp-json\/wp\/v2\/types\/product"}],"version-history":[{"count":4,"href":"https:\/\/www.casabrigitte.com\/index.php\/wp-json\/wp\/v2\/product\/1074\/revisions"}],"predecessor-version":[{"id":2396,"href":"https:\/\/www.casabrigitte.com\/index.php\/wp-json\/wp\/v2\/product\/1074\/revisions\/2396"}],"wp:featuredmedia":[{"embeddable":true,"href":"https:\/\/www.casabrigitte.com\/index.php\/wp-json\/wp\/v2\/media\/1296"}],"wp:attachment":[{"href":"https:\/\/www.casabrigitte.com\/index.php\/wp-json\/wp\/v2\/media?parent=1074"}],"wp:term":[{"taxonomy":"product_brand","embeddable":true,"href":"https:\/\/www.casabrigitte.com\/index.php\/wp-json\/wp\/v2\/product_brand?post=1074"},{"taxonomy":"product_cat","embeddable":true,"href":"https:\/\/www.casabrigitte.com\/index.php\/wp-json\/wp\/v2\/product_cat?post=1074"},{"taxonomy":"product_tag","embeddable":true,"href":"https:\/\/www.casabrigitte.com\/index.php\/wp-json\/wp\/v2\/product_tag?post=1074"}],"curies":[{"name":"wp","href":"https:\/\/api.w.org\/{rel}","templated":true}]}}