{"id":1149,"date":"2020-11-27T12:26:05","date_gmt":"2020-11-27T12:26:05","guid":{"rendered":"https:\/\/www2.casabrigitte.com\/?post_type=product&#038;p=1149"},"modified":"2021-01-12T16:30:42","modified_gmt":"2021-01-12T16:30:42","slug":"anchoas-del-cantabrico-50-lomos","status":"publish","type":"product","link":"https:\/\/www.casabrigitte.com\/index.php\/product\/anchoas-del-cantabrico-50-lomos\/","title":{"rendered":"ANCHOAS DEL CANT\u00c1BRICO 50 LOMOS."},"content":{"rendered":"<p>Nuestras anchoas del Cant\u00e1brico seleccionadas son una de las conservas en salaz\u00f3n m\u00e1s apreciadas por su sabor.<\/p>\n<p>En nuestras conservas s\u00f3lo utilizamos las boquerones de m\u00e1xima calidad, la <strong>Engraulis Encrasicolus<\/strong>, procedentes de los pescadores del cant\u00e1brico durante la primavera.<\/p>\n<p>Elaboramos las anchoas todas las semanas, asegurando la m\u00e1xima calidad.<\/p>\n<p>&nbsp;<\/p>\n","protected":false},"excerpt":{"rendered":"<p>Anchoas seleccionadas del Cant\u00e1brico en AOVE. Maduradas, limpias y fileteadas a mano artesanalmente y maceradas en aceite de oliva. El aut\u00e9ntico sabor del Cant\u00e1brico.<\/p>\n","protected":false},"featured_media":1467,"template":"","meta":{"site-sidebar-layout":"default","site-content-layout":"default","ast-site-content-layout":"default","site-content-style":"default","site-sidebar-style":"default","ast-global-header-display":"","ast-banner-title-visibility":"","ast-main-header-display":"","ast-hfb-above-header-display":"","ast-hfb-below-header-display":"","ast-hfb-mobile-header-display":"","site-post-title":"","ast-breadcrumbs-content":"","ast-featured-img":"","footer-sml-layout":"","ast-disable-related-posts":"","theme-transparent-header-meta":"default","adv-header-id-meta":"","stick-header-meta":"default","header-above-stick-meta":"","header-main-stick-meta":"","header-below-stick-meta":"","astra-migrate-meta-layouts":"default","ast-page-background-enabled":"default","ast-page-background-meta":{"desktop":{"background-color":"","background-image":"","background-repeat":"repeat","background-position":"center center","background-size":"auto","background-attachment":"scroll","background-type":"","background-media":"","overlay-type":"","overlay-color":"","overlay-opacity":"","overlay-gradient":""},"tablet":{"background-color":"","background-image":"","background-repeat":"repeat","background-position":"center center","background-size":"auto","background-attachment":"scroll","background-type":"","background-media":"","overlay-type":"","overlay-color":"","overlay-opacity":"","overlay-gradient":""},"mobile":{"background-color":"","background-image":"","background-repeat":"repeat","background-position":"center center","background-size":"auto","background-attachment":"scroll","background-type":"","background-media":"","overlay-type":"","overlay-color":"","overlay-opacity":"","overlay-gradient":""}},"ast-content-background-meta":{"desktop":{"background-color":"var(--ast-global-color-5)","background-image":"","background-repeat":"repeat","background-position":"center center","background-size":"auto","background-attachment":"scroll","background-type":"","background-media":"","overlay-type":"","overlay-color":"","overlay-opacity":"","overlay-gradient":""},"tablet":{"background-color":"var(--ast-global-color-5)","background-image":"","background-repeat":"repeat","background-position":"center center","background-size":"auto","background-attachment":"scroll","background-type":"","background-media":"","overlay-type":"","overlay-color":"","overlay-opacity":"","overlay-gradient":""},"mobile":{"background-color":"var(--ast-global-color-5)","background-image":"","background-repeat":"repeat","background-position":"center center","background-size":"auto","background-attachment":"scroll","background-type":"","background-media":"","overlay-type":"","overlay-color":"","overlay-opacity":"","overlay-gradient":""}}},"product_brand":[],"product_cat":[46],"product_tag":[],"class_list":{"0":"post-1149","1":"product","2":"type-product","3":"status-publish","4":"has-post-thumbnail","6":"product_cat-pescados-ahumados","7":"desktop-align-center","8":"tablet-align-center","9":"mobile-align-center","10":"ast-product-gallery-layout-vertical","11":"ast-product-tabs-layout-horizontal","13":"first","14":"instock","15":"taxable","16":"shipping-taxable","17":"purchasable","18":"product-type-simple"},"_links":{"self":[{"href":"https:\/\/www.casabrigitte.com\/index.php\/wp-json\/wp\/v2\/product\/1149","targetHints":{"allow":["GET"]}}],"collection":[{"href":"https:\/\/www.casabrigitte.com\/index.php\/wp-json\/wp\/v2\/product"}],"about":[{"href":"https:\/\/www.casabrigitte.com\/index.php\/wp-json\/wp\/v2\/types\/product"}],"version-history":[{"count":6,"href":"https:\/\/www.casabrigitte.com\/index.php\/wp-json\/wp\/v2\/product\/1149\/revisions"}],"predecessor-version":[{"id":1741,"href":"https:\/\/www.casabrigitte.com\/index.php\/wp-json\/wp\/v2\/product\/1149\/revisions\/1741"}],"wp:featuredmedia":[{"embeddable":true,"href":"https:\/\/www.casabrigitte.com\/index.php\/wp-json\/wp\/v2\/media\/1467"}],"wp:attachment":[{"href":"https:\/\/www.casabrigitte.com\/index.php\/wp-json\/wp\/v2\/media?parent=1149"}],"wp:term":[{"taxonomy":"product_brand","embeddable":true,"href":"https:\/\/www.casabrigitte.com\/index.php\/wp-json\/wp\/v2\/product_brand?post=1149"},{"taxonomy":"product_cat","embeddable":true,"href":"https:\/\/www.casabrigitte.com\/index.php\/wp-json\/wp\/v2\/product_cat?post=1149"},{"taxonomy":"product_tag","embeddable":true,"href":"https:\/\/www.casabrigitte.com\/index.php\/wp-json\/wp\/v2\/product_tag?post=1149"}],"curies":[{"name":"wp","href":"https:\/\/api.w.org\/{rel}","templated":true}]}}