{"id":1175,"date":"2020-11-27T12:41:02","date_gmt":"2020-11-27T12:41:02","guid":{"rendered":"https:\/\/www2.casabrigitte.com\/?post_type=product&#038;p=1175"},"modified":"2020-12-15T01:23:20","modified_gmt":"2020-12-15T01:23:20","slug":"pechuga-de-pavo-alemana-peso-23-kg","status":"publish","type":"product","link":"https:\/\/www.casabrigitte.com\/index.php\/product\/pechuga-de-pavo-alemana-peso-23-kg\/","title":{"rendered":"PECHUGA DE PAVO ALEMANA PESO 2,3 KG"},"content":{"rendered":"<p>Nuestra pechuga de pavo, es originaria de Alemania. Est\u00e1 cocida sobre su hueso, para que permanezca jugosa. Posteriormente se deshuesa y se envasa al vac\u00edo. Piezas de 2,3 kg. No contiene pr\u00e1cticamente grasas. Fliteala finamente, o disfr\u00fatela en dados.<\/p>\n<p>Esta pechuga de pavo conserva el tama\u00f1o, la forma y la textura de la pieza original: por eso, nunca hay dos iguales.<\/p>\n<p>La creciente incorporaci\u00f3n de la pechuga de pavo a nuestra dieta tiene sus razones: se trata de un alimento magro, f\u00e1cil de digerir y con un bajo contenido en grasa y colesterol.<br \/>\nEl aporte cal\u00f3rico es de menos de 130 Kcal\/100 g de media, aspecto importante para quienes buscan una comida ligera y suculenta, y sin embargo proporciona una gran cantidad de prote\u00ednas.<br \/>\nAdem\u00e1s, es fuente de prote\u00ednas, vitaminas del grupo del complejo B como la B1, B3, B5, B6, biotina, B12 y el \u00e1cido f\u00f3lico y de minerales como el f\u00f3sforo, el potasio, el magnesio, el hierro y el cinc.<br \/>\nSe puede preparar de diferentes y deliciosas maneras: para elaborar entrantes, con huevo hilado, en ensaladas&#8230;<br \/>\nUna delicia para toda la familia.<\/p>\n","protected":false},"excerpt":{"rendered":"<p>&nbsp;<\/p>\n<div class=\"col-sm-12\">\n<form class=\"form-horizontal\" action=\"https:\/\/www.casabrigitte.com\/s2dbskt.php\" method=\"post\" name=\"putform\">\n<div class=\"row\"><\/div>\n<\/form>\n<\/div>\n","protected":false},"featured_media":1430,"template":"","meta":{"site-sidebar-layout":"default","site-content-layout":"default","ast-site-content-layout":"default","site-content-style":"default","site-sidebar-style":"default","ast-global-header-display":"","ast-banner-title-visibility":"","ast-main-header-display":"","ast-hfb-above-header-display":"","ast-hfb-below-header-display":"","ast-hfb-mobile-header-display":"","site-post-title":"","ast-breadcrumbs-content":"","ast-featured-img":"","footer-sml-layout":"","ast-disable-related-posts":"","theme-transparent-header-meta":"default","adv-header-id-meta":"","stick-header-meta":"default","header-above-stick-meta":"","header-main-stick-meta":"","header-below-stick-meta":"","astra-migrate-meta-layouts":"default","ast-page-background-enabled":"default","ast-page-background-meta":{"desktop":{"background-color":"","background-image":"","background-repeat":"repeat","background-position":"center center","background-size":"auto","background-attachment":"scroll","background-type":"","background-media":"","overlay-type":"","overlay-color":"","overlay-opacity":"","overlay-gradient":""},"tablet":{"background-color":"","background-image":"","background-repeat":"repeat","background-position":"center center","background-size":"auto","background-attachment":"scroll","background-type":"","background-media":"","overlay-type":"","overlay-color":"","overlay-opacity":"","overlay-gradient":""},"mobile":{"background-color":"","background-image":"","background-repeat":"repeat","background-position":"center center","background-size":"auto","background-attachment":"scroll","background-type":"","background-media":"","overlay-type":"","overlay-color":"","overlay-opacity":"","overlay-gradient":""}},"ast-content-background-meta":{"desktop":{"background-color":"var(--ast-global-color-5)","background-image":"","background-repeat":"repeat","background-position":"center center","background-size":"auto","background-attachment":"scroll","background-type":"","background-media":"","overlay-type":"","overlay-color":"","overlay-opacity":"","overlay-gradient":""},"tablet":{"background-color":"var(--ast-global-color-5)","background-image":"","background-repeat":"repeat","background-position":"center center","background-size":"auto","background-attachment":"scroll","background-type":"","background-media":"","overlay-type":"","overlay-color":"","overlay-opacity":"","overlay-gradient":""},"mobile":{"background-color":"var(--ast-global-color-5)","background-image":"","background-repeat":"repeat","background-position":"center center","background-size":"auto","background-attachment":"scroll","background-type":"","background-media":"","overlay-type":"","overlay-color":"","overlay-opacity":"","overlay-gradient":""}}},"product_brand":[],"product_cat":[36],"product_tag":[],"class_list":{"0":"post-1175","1":"product","2":"type-product","3":"status-publish","4":"has-post-thumbnail","6":"product_cat-especialidades-alemanas","7":"desktop-align-center","8":"tablet-align-center","9":"mobile-align-center","10":"ast-product-gallery-layout-vertical","11":"ast-product-tabs-layout-horizontal","13":"first","14":"instock","15":"taxable","16":"shipping-taxable","17":"purchasable","18":"product-type-simple"},"_links":{"self":[{"href":"https:\/\/www.casabrigitte.com\/index.php\/wp-json\/wp\/v2\/product\/1175","targetHints":{"allow":["GET"]}}],"collection":[{"href":"https:\/\/www.casabrigitte.com\/index.php\/wp-json\/wp\/v2\/product"}],"about":[{"href":"https:\/\/www.casabrigitte.com\/index.php\/wp-json\/wp\/v2\/types\/product"}],"version-history":[{"count":1,"href":"https:\/\/www.casabrigitte.com\/index.php\/wp-json\/wp\/v2\/product\/1175\/revisions"}],"predecessor-version":[{"id":1176,"href":"https:\/\/www.casabrigitte.com\/index.php\/wp-json\/wp\/v2\/product\/1175\/revisions\/1176"}],"wp:featuredmedia":[{"embeddable":true,"href":"https:\/\/www.casabrigitte.com\/index.php\/wp-json\/wp\/v2\/media\/1430"}],"wp:attachment":[{"href":"https:\/\/www.casabrigitte.com\/index.php\/wp-json\/wp\/v2\/media?parent=1175"}],"wp:term":[{"taxonomy":"product_brand","embeddable":true,"href":"https:\/\/www.casabrigitte.com\/index.php\/wp-json\/wp\/v2\/product_brand?post=1175"},{"taxonomy":"product_cat","embeddable":true,"href":"https:\/\/www.casabrigitte.com\/index.php\/wp-json\/wp\/v2\/product_cat?post=1175"},{"taxonomy":"product_tag","embeddable":true,"href":"https:\/\/www.casabrigitte.com\/index.php\/wp-json\/wp\/v2\/product_tag?post=1175"}],"curies":[{"name":"wp","href":"https:\/\/api.w.org\/{rel}","templated":true}]}}