{"id":1179,"date":"2020-11-27T12:43:12","date_gmt":"2020-11-27T12:43:12","guid":{"rendered":"https:\/\/www2.casabrigitte.com\/?post_type=product&#038;p=1179"},"modified":"2020-12-15T01:23:20","modified_gmt":"2020-12-15T01:23:20","slug":"apfelstrudel-6-7-raciones","status":"publish","type":"product","link":"https:\/\/www.casabrigitte.com\/index.php\/product\/apfelstrudel-6-7-raciones\/","title":{"rendered":"APFELSTRUDEL 6\/7 RACIONES."},"content":{"rendered":"<p>El Apfelstrudel o strudel de manzana es un postre t\u00edpico tradicional de la cocina austriaca y del sur de Alemania, cuyos or\u00edgenes podr\u00edan remontarse a antiguas recetas de las cocinas bizantina, armenia o turca.<\/p>\n<p><i>El Apfelstrudel se debe servir fresco y todav\u00eda caliente, generalmente con algo de az\u00facar glas espolvoreada sobre \u00e9l.<br \/>\nGeneralmente se sirve con una salsa caliente dulce de crema aromatizada con vainilla;<br \/>\ndicha salsa se sirve en recipientes de porcelana aparte del strudel y es habitual que en las cafeter\u00edas y restaurantes austriacos y alemanes se acompa\u00f1e de helado de vainilla.<br \/>\nPeso 600 gr, para 6 personas<\/i><\/p>\n","protected":false},"excerpt":{"rendered":"<p>&nbsp;<\/p>\n<div class=\"col-sm-12\">\n<form class=\"form-horizontal\" action=\"https:\/\/www.casabrigitte.com\/s2dbskt.php\" method=\"post\" name=\"putform\">\n<div class=\"row\">\n<p>&nbsp;<\/p>\n<\/div>\n<\/form>\n<\/div>\n","protected":false},"featured_media":1444,"template":"","meta":{"site-sidebar-layout":"default","site-content-layout":"default","ast-site-content-layout":"default","site-content-style":"default","site-sidebar-style":"default","ast-global-header-display":"","ast-banner-title-visibility":"","ast-main-header-display":"","ast-hfb-above-header-display":"","ast-hfb-below-header-display":"","ast-hfb-mobile-header-display":"","site-post-title":"","ast-breadcrumbs-content":"","ast-featured-img":"","footer-sml-layout":"","ast-disable-related-posts":"","theme-transparent-header-meta":"default","adv-header-id-meta":"","stick-header-meta":"default","header-above-stick-meta":"","header-main-stick-meta":"","header-below-stick-meta":"","astra-migrate-meta-layouts":"default","ast-page-background-enabled":"default","ast-page-background-meta":{"desktop":{"background-color":"","background-image":"","background-repeat":"repeat","background-position":"center center","background-size":"auto","background-attachment":"scroll","background-type":"","background-media":"","overlay-type":"","overlay-color":"","overlay-opacity":"","overlay-gradient":""},"tablet":{"background-color":"","background-image":"","background-repeat":"repeat","background-position":"center center","background-size":"auto","background-attachment":"scroll","background-type":"","background-media":"","overlay-type":"","overlay-color":"","overlay-opacity":"","overlay-gradient":""},"mobile":{"background-color":"","background-image":"","background-repeat":"repeat","background-position":"center center","background-size":"auto","background-attachment":"scroll","background-type":"","background-media":"","overlay-type":"","overlay-color":"","overlay-opacity":"","overlay-gradient":""}},"ast-content-background-meta":{"desktop":{"background-color":"var(--ast-global-color-5)","background-image":"","background-repeat":"repeat","background-position":"center center","background-size":"auto","background-attachment":"scroll","background-type":"","background-media":"","overlay-type":"","overlay-color":"","overlay-opacity":"","overlay-gradient":""},"tablet":{"background-color":"var(--ast-global-color-5)","background-image":"","background-repeat":"repeat","background-position":"center center","background-size":"auto","background-attachment":"scroll","background-type":"","background-media":"","overlay-type":"","overlay-color":"","overlay-opacity":"","overlay-gradient":""},"mobile":{"background-color":"var(--ast-global-color-5)","background-image":"","background-repeat":"repeat","background-position":"center center","background-size":"auto","background-attachment":"scroll","background-type":"","background-media":"","overlay-type":"","overlay-color":"","overlay-opacity":"","overlay-gradient":""}}},"product_brand":[],"product_cat":[36],"product_tag":[],"class_list":{"0":"post-1179","1":"product","2":"type-product","3":"status-publish","4":"has-post-thumbnail","6":"product_cat-especialidades-alemanas","7":"desktop-align-center","8":"tablet-align-center","9":"mobile-align-center","10":"ast-product-gallery-layout-vertical","11":"ast-product-tabs-layout-horizontal","13":"first","14":"instock","15":"taxable","16":"shipping-taxable","17":"purchasable","18":"product-type-simple"},"_links":{"self":[{"href":"https:\/\/www.casabrigitte.com\/index.php\/wp-json\/wp\/v2\/product\/1179","targetHints":{"allow":["GET"]}}],"collection":[{"href":"https:\/\/www.casabrigitte.com\/index.php\/wp-json\/wp\/v2\/product"}],"about":[{"href":"https:\/\/www.casabrigitte.com\/index.php\/wp-json\/wp\/v2\/types\/product"}],"version-history":[{"count":1,"href":"https:\/\/www.casabrigitte.com\/index.php\/wp-json\/wp\/v2\/product\/1179\/revisions"}],"predecessor-version":[{"id":1180,"href":"https:\/\/www.casabrigitte.com\/index.php\/wp-json\/wp\/v2\/product\/1179\/revisions\/1180"}],"wp:featuredmedia":[{"embeddable":true,"href":"https:\/\/www.casabrigitte.com\/index.php\/wp-json\/wp\/v2\/media\/1444"}],"wp:attachment":[{"href":"https:\/\/www.casabrigitte.com\/index.php\/wp-json\/wp\/v2\/media?parent=1179"}],"wp:term":[{"taxonomy":"product_brand","embeddable":true,"href":"https:\/\/www.casabrigitte.com\/index.php\/wp-json\/wp\/v2\/product_brand?post=1179"},{"taxonomy":"product_cat","embeddable":true,"href":"https:\/\/www.casabrigitte.com\/index.php\/wp-json\/wp\/v2\/product_cat?post=1179"},{"taxonomy":"product_tag","embeddable":true,"href":"https:\/\/www.casabrigitte.com\/index.php\/wp-json\/wp\/v2\/product_tag?post=1179"}],"curies":[{"name":"wp","href":"https:\/\/api.w.org\/{rel}","templated":true}]}}