{"id":1181,"date":"2020-11-27T12:43:55","date_gmt":"2020-11-27T12:43:55","guid":{"rendered":"https:\/\/www2.casabrigitte.com\/?post_type=product&#038;p=1181"},"modified":"2024-12-10T20:44:55","modified_gmt":"2024-12-10T20:44:55","slug":"volcan-de-chocolate-3-unidades","status":"publish","type":"product","link":"https:\/\/www.casabrigitte.com\/index.php\/product\/volcan-de-chocolate-3-unidades\/","title":{"rendered":"VOLCAN DE CHOCOLATE 3 UNIDADES"},"content":{"rendered":"<p><i>El Mohr im Hemd es un postre tradicional de la gastronom\u00eda austriaca.<br \/>\nEs una especie de bizcocho hecho principalmente a base de chocolate, mantequilla, az\u00facar, claras de huevo y almendras y tiene una forma similar a la de un Gugelhupf.<br \/>\nAl igual que el Christmas pudding brit\u00e1nico, est\u00e1 cocinado al ba\u00f1o Mar\u00eda.<br \/>\nTras hacerse, se le a\u00f1ade por encima chocolate fundido y se acompa\u00f1a con nata montada.<br \/>\nEl Mohr im Hemd suele servirse en las cafeter\u00edas t\u00edpicas austriacas, as\u00ed como en algunas confiter\u00edas de Baviera (Alemania).<\/i><\/p>\n","protected":false},"excerpt":{"rendered":"<p>&nbsp;<\/p>\n<div class=\"col-sm-12\">\n<form class=\"form-horizontal\" action=\"https:\/\/www.casabrigitte.com\/s2dbskt.php\" method=\"post\" name=\"putform\">\n<div class=\"row\">\n<p><i>El Mohr im Hemd es un postre tradicional de la gastronom\u00eda austriaca.<\/i><\/p>\n<\/div>\n<\/form>\n<\/div>\n","protected":false},"featured_media":1425,"template":"","meta":{"site-sidebar-layout":"default","site-content-layout":"default","ast-site-content-layout":"default","site-content-style":"default","site-sidebar-style":"default","ast-global-header-display":"","ast-banner-title-visibility":"","ast-main-header-display":"","ast-hfb-above-header-display":"","ast-hfb-below-header-display":"","ast-hfb-mobile-header-display":"","site-post-title":"","ast-breadcrumbs-content":"","ast-featured-img":"","footer-sml-layout":"","ast-disable-related-posts":"","theme-transparent-header-meta":"default","adv-header-id-meta":"","stick-header-meta":"default","header-above-stick-meta":"","header-main-stick-meta":"","header-below-stick-meta":"","astra-migrate-meta-layouts":"set","ast-page-background-enabled":"default","ast-page-background-meta":{"desktop":{"background-color":"","background-image":"","background-repeat":"repeat","background-position":"center center","background-size":"auto","background-attachment":"scroll","background-type":"","background-media":"","overlay-type":"","overlay-color":"","overlay-opacity":"","overlay-gradient":""},"tablet":{"background-color":"","background-image":"","background-repeat":"repeat","background-position":"center center","background-size":"auto","background-attachment":"scroll","background-type":"","background-media":"","overlay-type":"","overlay-color":"","overlay-opacity":"","overlay-gradient":""},"mobile":{"background-color":"","background-image":"","background-repeat":"repeat","background-position":"center center","background-size":"auto","background-attachment":"scroll","background-type":"","background-media":"","overlay-type":"","overlay-color":"","overlay-opacity":"","overlay-gradient":""}},"ast-content-background-meta":{"desktop":{"background-color":"var(--ast-global-color-5)","background-image":"","background-repeat":"repeat","background-position":"center center","background-size":"auto","background-attachment":"scroll","background-type":"","background-media":"","overlay-type":"","overlay-color":"","overlay-opacity":"","overlay-gradient":""},"tablet":{"background-color":"var(--ast-global-color-5)","background-image":"","background-repeat":"repeat","background-position":"center center","background-size":"auto","background-attachment":"scroll","background-type":"","background-media":"","overlay-type":"","overlay-color":"","overlay-opacity":"","overlay-gradient":""},"mobile":{"background-color":"var(--ast-global-color-5)","background-image":"","background-repeat":"repeat","background-position":"center center","background-size":"auto","background-attachment":"scroll","background-type":"","background-media":"","overlay-type":"","overlay-color":"","overlay-opacity":"","overlay-gradient":""}}},"product_brand":[],"product_cat":[36],"product_tag":[],"class_list":{"0":"post-1181","1":"product","2":"type-product","3":"status-publish","4":"has-post-thumbnail","6":"product_cat-especialidades-alemanas","7":"desktop-align-center","8":"tablet-align-center","9":"mobile-align-center","10":"ast-product-gallery-layout-vertical","11":"ast-product-tabs-layout-horizontal","13":"first","14":"outofstock","15":"taxable","16":"shipping-taxable","17":"purchasable","18":"product-type-simple"},"_links":{"self":[{"href":"https:\/\/www.casabrigitte.com\/index.php\/wp-json\/wp\/v2\/product\/1181","targetHints":{"allow":["GET"]}}],"collection":[{"href":"https:\/\/www.casabrigitte.com\/index.php\/wp-json\/wp\/v2\/product"}],"about":[{"href":"https:\/\/www.casabrigitte.com\/index.php\/wp-json\/wp\/v2\/types\/product"}],"version-history":[{"count":1,"href":"https:\/\/www.casabrigitte.com\/index.php\/wp-json\/wp\/v2\/product\/1181\/revisions"}],"predecessor-version":[{"id":1182,"href":"https:\/\/www.casabrigitte.com\/index.php\/wp-json\/wp\/v2\/product\/1181\/revisions\/1182"}],"wp:featuredmedia":[{"embeddable":true,"href":"https:\/\/www.casabrigitte.com\/index.php\/wp-json\/wp\/v2\/media\/1425"}],"wp:attachment":[{"href":"https:\/\/www.casabrigitte.com\/index.php\/wp-json\/wp\/v2\/media?parent=1181"}],"wp:term":[{"taxonomy":"product_brand","embeddable":true,"href":"https:\/\/www.casabrigitte.com\/index.php\/wp-json\/wp\/v2\/product_brand?post=1181"},{"taxonomy":"product_cat","embeddable":true,"href":"https:\/\/www.casabrigitte.com\/index.php\/wp-json\/wp\/v2\/product_cat?post=1181"},{"taxonomy":"product_tag","embeddable":true,"href":"https:\/\/www.casabrigitte.com\/index.php\/wp-json\/wp\/v2\/product_tag?post=1181"}],"curies":[{"name":"wp","href":"https:\/\/api.w.org\/{rel}","templated":true}]}}