{"id":1189,"date":"2020-11-27T12:48:27","date_gmt":"2020-11-27T12:48:27","guid":{"rendered":"https:\/\/www2.casabrigitte.com\/?post_type=product&#038;p=1189"},"modified":"2024-12-12T19:50:52","modified_gmt":"2024-12-12T19:50:52","slug":"mi-cuit-entier-de-pato-200-gr","status":"publish","type":"product","link":"https:\/\/www.casabrigitte.com\/index.php\/product\/mi-cuit-entier-de-pato-200-gr\/","title":{"rendered":"MI-CUIT ENTIER DE PATO 300 GR"},"content":{"rendered":"<p><i>Para elaborar este h\u00edgado de pato entier mi-cuit, se desvenan los h\u00edgados cebados, se salpimentan, y se confitan a baja temperatura. Ideal para acompa\u00f1ar sus fiestas m\u00e1s selectas. Formatos de 500 gr. Indique el peso total, ya que el precio es \u20ac\/kg.<\/i><\/p>\n<p>El foie entero se elabora con una pieza entera de h\u00edgado graso desvenado a mano y acompa\u00f1ado de sal, especias, y Armagnac.<br \/>\nEste manjar, est\u00e1 confitado a baja temperatura (60\u00ba) durante 1 hora.<br \/>\nAcompa\u00f1ar de unas tostas de pan con pasas.<\/p>\n","protected":false},"excerpt":{"rendered":"<p><i>Para elaborar este h\u00edgado de pato entier mi-cuit, se desvenan los h\u00edgados cebados, se salpimentan, y se confitan a baja temperatura. Ideal para acompa\u00f1ar sus fiestas m\u00e1s selectas. Formatos de 200 gr. Indique el peso total, ya que el precio es \u20ac\/kg.<\/i><\/p>\n","protected":false},"featured_media":1449,"template":"","meta":{"site-sidebar-layout":"default","site-content-layout":"default","ast-site-content-layout":"default","site-content-style":"default","site-sidebar-style":"default","ast-global-header-display":"","ast-banner-title-visibility":"","ast-main-header-display":"","ast-hfb-above-header-display":"","ast-hfb-below-header-display":"","ast-hfb-mobile-header-display":"","site-post-title":"","ast-breadcrumbs-content":"","ast-featured-img":"","footer-sml-layout":"","ast-disable-related-posts":"","theme-transparent-header-meta":"default","adv-header-id-meta":"","stick-header-meta":"default","header-above-stick-meta":"","header-main-stick-meta":"","header-below-stick-meta":"","astra-migrate-meta-layouts":"set","ast-page-background-enabled":"default","ast-page-background-meta":{"desktop":{"background-color":"","background-image":"","background-repeat":"repeat","background-position":"center center","background-size":"auto","background-attachment":"scroll","background-type":"","background-media":"","overlay-type":"","overlay-color":"","overlay-opacity":"","overlay-gradient":""},"tablet":{"background-color":"","background-image":"","background-repeat":"repeat","background-position":"center center","background-size":"auto","background-attachment":"scroll","background-type":"","background-media":"","overlay-type":"","overlay-color":"","overlay-opacity":"","overlay-gradient":""},"mobile":{"background-color":"","background-image":"","background-repeat":"repeat","background-position":"center center","background-size":"auto","background-attachment":"scroll","background-type":"","background-media":"","overlay-type":"","overlay-color":"","overlay-opacity":"","overlay-gradient":""}},"ast-content-background-meta":{"desktop":{"background-color":"var(--ast-global-color-5)","background-image":"","background-repeat":"repeat","background-position":"center center","background-size":"auto","background-attachment":"scroll","background-type":"","background-media":"","overlay-type":"","overlay-color":"","overlay-opacity":"","overlay-gradient":""},"tablet":{"background-color":"var(--ast-global-color-5)","background-image":"","background-repeat":"repeat","background-position":"center center","background-size":"auto","background-attachment":"scroll","background-type":"","background-media":"","overlay-type":"","overlay-color":"","overlay-opacity":"","overlay-gradient":""},"mobile":{"background-color":"var(--ast-global-color-5)","background-image":"","background-repeat":"repeat","background-position":"center center","background-size":"auto","background-attachment":"scroll","background-type":"","background-media":"","overlay-type":"","overlay-color":"","overlay-opacity":"","overlay-gradient":""}}},"product_brand":[],"product_cat":[38],"product_tag":[],"class_list":{"0":"post-1189","1":"product","2":"type-product","3":"status-publish","4":"has-post-thumbnail","6":"product_cat-pato-y-pates","7":"desktop-align-center","8":"tablet-align-center","9":"mobile-align-center","10":"ast-product-gallery-layout-vertical","11":"ast-product-tabs-layout-horizontal","13":"first","14":"instock","15":"taxable","16":"shipping-taxable","17":"purchasable","18":"product-type-simple"},"_links":{"self":[{"href":"https:\/\/www.casabrigitte.com\/index.php\/wp-json\/wp\/v2\/product\/1189","targetHints":{"allow":["GET"]}}],"collection":[{"href":"https:\/\/www.casabrigitte.com\/index.php\/wp-json\/wp\/v2\/product"}],"about":[{"href":"https:\/\/www.casabrigitte.com\/index.php\/wp-json\/wp\/v2\/types\/product"}],"version-history":[{"count":5,"href":"https:\/\/www.casabrigitte.com\/index.php\/wp-json\/wp\/v2\/product\/1189\/revisions"}],"predecessor-version":[{"id":2013,"href":"https:\/\/www.casabrigitte.com\/index.php\/wp-json\/wp\/v2\/product\/1189\/revisions\/2013"}],"wp:featuredmedia":[{"embeddable":true,"href":"https:\/\/www.casabrigitte.com\/index.php\/wp-json\/wp\/v2\/media\/1449"}],"wp:attachment":[{"href":"https:\/\/www.casabrigitte.com\/index.php\/wp-json\/wp\/v2\/media?parent=1189"}],"wp:term":[{"taxonomy":"product_brand","embeddable":true,"href":"https:\/\/www.casabrigitte.com\/index.php\/wp-json\/wp\/v2\/product_brand?post=1189"},{"taxonomy":"product_cat","embeddable":true,"href":"https:\/\/www.casabrigitte.com\/index.php\/wp-json\/wp\/v2\/product_cat?post=1189"},{"taxonomy":"product_tag","embeddable":true,"href":"https:\/\/www.casabrigitte.com\/index.php\/wp-json\/wp\/v2\/product_tag?post=1189"}],"curies":[{"name":"wp","href":"https:\/\/api.w.org\/{rel}","templated":true}]}}