{"id":2214,"date":"2023-12-05T22:06:17","date_gmt":"2023-12-05T22:06:17","guid":{"rendered":"https:\/\/www.casabrigitte.com\/?post_type=product&#038;p=2214"},"modified":"2026-01-29T19:51:48","modified_gmt":"2026-01-29T19:51:48","slug":"lomo-imperial-macerado-200-g","status":"publish","type":"product","link":"https:\/\/www.casabrigitte.com\/index.php\/product\/lomo-imperial-macerado-200-g\/","title":{"rendered":"LOMO IMPERIAL MACERADO 200 gr"},"content":{"rendered":"<p>Para obtener el lomo Imperial, desalamos filetes de m\u00e1s de 2 kg. Primero los hidratamos en agua, y posteriormente, los desalamos. Todo el proceso, puede durar m\u00e1s de 7 d\u00edas. Este tronco de bacalao, lamina perfectamente. Se puede elaborar confitadolo a baja temperatura durante 8 minutos a 55\u00baC o en el microondas, 30 segundos por cada lado.<br \/>\nSe trata de un producto pesquero transformado procedente de\u00a0<b>bacalao (Gadus Morhua),<\/b> cortado y clasificado y que ha sufrido un proceso de desalado hasta conseguir un porcentaje de salinidad inferior al 3%, envasado en atm\u00f3sfera modificada o al vac\u00edo con aceite y conservado en refrigeraci\u00f3n.<\/p>\n<div class=\"ast-oembed-container \" style=\"height: 100%;\"><iframe title=\"Bacalao con Piperrada\" width=\"500\" height=\"281\" src=\"https:\/\/www.youtube.com\/embed\/ozrGGqxF35s?feature=oembed\" frameborder=\"0\" allow=\"accelerometer; autoplay; clipboard-write; encrypted-media; gyroscope; picture-in-picture; web-share\" referrerpolicy=\"strict-origin-when-cross-origin\" allowfullscreen><\/iframe><\/div>\n","protected":false},"excerpt":{"rendered":"<p>Para obtener el lomo Imperial, desalamos filetes de m\u00e1s de 2 kg. Primero los hidratamos en agua, y posteriormente, los desalamos. Todo el proceso, puede durar m\u00e1s de 7 d\u00edas. Este tronco de bacalao, lamina perfectamente. Se puede elaborar confitadolo a baja temperatura durante 8 minutos a 55\u00baC o en el microondas, 30 segundos por cada lado.<\/p>\n","protected":false},"featured_media":2481,"template":"","meta":{"site-sidebar-layout":"default","site-content-layout":"default","ast-site-content-layout":"default","site-content-style":"default","site-sidebar-style":"default","ast-global-header-display":"","ast-banner-title-visibility":"","ast-main-header-display":"","ast-hfb-above-header-display":"","ast-hfb-below-header-display":"","ast-hfb-mobile-header-display":"","site-post-title":"","ast-breadcrumbs-content":"","ast-featured-img":"","footer-sml-layout":"","ast-disable-related-posts":"","theme-transparent-header-meta":"default","adv-header-id-meta":"","stick-header-meta":"default","header-above-stick-meta":"","header-main-stick-meta":"","header-below-stick-meta":"","astra-migrate-meta-layouts":"set","ast-page-background-enabled":"default","ast-page-background-meta":{"desktop":{"background-color":"","background-image":"","background-repeat":"repeat","background-position":"center center","background-size":"auto","background-attachment":"scroll","background-type":"","background-media":"","overlay-type":"","overlay-color":"","overlay-opacity":"","overlay-gradient":""},"tablet":{"background-color":"","background-image":"","background-repeat":"repeat","background-position":"center center","background-size":"auto","background-attachment":"scroll","background-type":"","background-media":"","overlay-type":"","overlay-color":"","overlay-opacity":"","overlay-gradient":""},"mobile":{"background-color":"","background-image":"","background-repeat":"repeat","background-position":"center center","background-size":"auto","background-attachment":"scroll","background-type":"","background-media":"","overlay-type":"","overlay-color":"","overlay-opacity":"","overlay-gradient":""}},"ast-content-background-meta":{"desktop":{"background-color":"var(--ast-global-color-5)","background-image":"","background-repeat":"repeat","background-position":"center center","background-size":"auto","background-attachment":"scroll","background-type":"","background-media":"","overlay-type":"","overlay-color":"","overlay-opacity":"","overlay-gradient":""},"tablet":{"background-color":"var(--ast-global-color-5)","background-image":"","background-repeat":"repeat","background-position":"center center","background-size":"auto","background-attachment":"scroll","background-type":"","background-media":"","overlay-type":"","overlay-color":"","overlay-opacity":"","overlay-gradient":""},"mobile":{"background-color":"var(--ast-global-color-5)","background-image":"","background-repeat":"repeat","background-position":"center center","background-size":"auto","background-attachment":"scroll","background-type":"","background-media":"","overlay-type":"","overlay-color":"","overlay-opacity":"","overlay-gradient":""}}},"product_brand":[],"product_cat":[30],"product_tag":[],"class_list":{"0":"post-2214","1":"product","2":"type-product","3":"status-publish","4":"has-post-thumbnail","6":"product_cat-bacalao-desalado-de-islandia-y-faroe","7":"desktop-align-center","8":"tablet-align-center","9":"mobile-align-center","10":"ast-product-gallery-layout-vertical","11":"ast-product-tabs-layout-horizontal","13":"first","14":"instock","15":"taxable","16":"shipping-taxable","17":"purchasable","18":"product-type-simple"},"_links":{"self":[{"href":"https:\/\/www.casabrigitte.com\/index.php\/wp-json\/wp\/v2\/product\/2214","targetHints":{"allow":["GET"]}}],"collection":[{"href":"https:\/\/www.casabrigitte.com\/index.php\/wp-json\/wp\/v2\/product"}],"about":[{"href":"https:\/\/www.casabrigitte.com\/index.php\/wp-json\/wp\/v2\/types\/product"}],"version-history":[{"count":26,"href":"https:\/\/www.casabrigitte.com\/index.php\/wp-json\/wp\/v2\/product\/2214\/revisions"}],"predecessor-version":[{"id":2540,"href":"https:\/\/www.casabrigitte.com\/index.php\/wp-json\/wp\/v2\/product\/2214\/revisions\/2540"}],"wp:featuredmedia":[{"embeddable":true,"href":"https:\/\/www.casabrigitte.com\/index.php\/wp-json\/wp\/v2\/media\/2481"}],"wp:attachment":[{"href":"https:\/\/www.casabrigitte.com\/index.php\/wp-json\/wp\/v2\/media?parent=2214"}],"wp:term":[{"taxonomy":"product_brand","embeddable":true,"href":"https:\/\/www.casabrigitte.com\/index.php\/wp-json\/wp\/v2\/product_brand?post=2214"},{"taxonomy":"product_cat","embeddable":true,"href":"https:\/\/www.casabrigitte.com\/index.php\/wp-json\/wp\/v2\/product_cat?post=2214"},{"taxonomy":"product_tag","embeddable":true,"href":"https:\/\/www.casabrigitte.com\/index.php\/wp-json\/wp\/v2\/product_tag?post=2214"}],"curies":[{"name":"wp","href":"https:\/\/api.w.org\/{rel}","templated":true}]}}